{"id":16994,"date":"2025-08-10T18:32:05","date_gmt":"2025-08-10T18:32:05","guid":{"rendered":"https:\/\/krctasarim.com\/?page_id=16994"},"modified":"2025-12-10T11:01:42","modified_gmt":"2025-12-10T11:01:42","slug":"bakim","status":"publish","type":"page","link":"https:\/\/krctasarim.com\/en\/bakim\/","title":{"rendered":"Bak\u0131m"},"content":{"rendered":"<div data-elementor-type=\"wp-page\" data-elementor-id=\"16994\" class=\"elementor elementor-16994\">\n\t\t\t\t<div class=\"elementor-element elementor-element-15f6801 e-con-full wd-section-stretch e-flex e-con e-parent\" data-id=\"15f6801\" data-element_type=\"container\" data-e-type=\"container\">\n\t\t\t\t<div class=\"elementor-element elementor-element-656db92 elementor-widget elementor-widget-html\" data-id=\"656db92\" data-element_type=\"widget\" data-e-type=\"widget\" data-widget_type=\"html.default\">\n\t\t\t\t<div class=\"elementor-widget-container\">\n\t\t\t\t\t\r\n<!-- ELEMENTOR WIDGET START: KRC MODERN MAINTENANCE -->\r\n<style>\r\n    \/* --- SCOPED VARIABLES --- *\/\r\n    .krc-maintenance-wrapper {\r\n        --krc-bg-dark: #121b2d;       \/* Slate 900 *\/\r\n        --krc-bg-light: #121b2d;      \/* Slate 800 *\/\r\n        --krc-accent: #3b82f6;        \/* Blue 500 *\/\r\n        --krc-accent-glow: rgba(59, 130, 246, 0.5);\r\n        --krc-text-main: #f8fafc;     \/* Slate 50 *\/\r\n        --krc-text-sub: #94a3b8;      \/* Slate 400 *\/\r\n        --krc-card-bg: rgba(255, 255, 255, 0.03);\r\n        --krc-card-border: rgba(255, 255, 255, 0.08);\r\n\r\n        font-family: 'Inter', system-ui, -apple-system, sans-serif;\r\n        background: radial-gradient(circle at center, var(--krc-bg-light) 0%, var(--krc-bg-dark) 100%);\r\n        min-height: 600px; \/* Adjust based on viewport needs *\/\r\n        width: 100%;\r\n        display: flex;\r\n        align-items: center;\r\n        justify-content: center;\r\n        padding: 60px 20px;\r\n        box-sizing: border-box;\r\n        position: relative;\r\n        overflow: hidden;\r\n        color: var(--krc-text-main);\r\n    }\r\n\r\n    \/* Ambient Background Glow *\/\r\n    .krc-maintenance-wrapper::before {\r\n        content: '';\r\n        position: absolute;\r\n        width: 600px;\r\n        height: 600px;\r\n        background: radial-gradient(circle, var(--krc-accent-glow) 0%, transparent 70%);\r\n        top: -200px;\r\n        left: 50%;\r\n        transform: translateX(-50%);\r\n        opacity: 0.2;\r\n        pointer-events: none;\r\n        z-index: 0;\r\n    }\r\n\r\n    .krc-container {\r\n        position: relative;\r\n        z-index: 1;\r\n        max-width: 1100px;\r\n        width: 100%;\r\n        text-align: center;\r\n    }\r\n\r\n    \/* --- ANIMATED ICON --- *\/\r\n    .krc-status-icon {\r\n        margin-bottom: 30px;\r\n        position: relative;\r\n        display: inline-block;\r\n    }\r\n\r\n    .krc-gear-svg {\r\n        width: 80px;\r\n        height: 80px;\r\n        color: var(--krc-accent);\r\n        filter: drop-shadow(0 0 15px var(--krc-accent-glow));\r\n    }\r\n\r\n    .krc-gear-spin {\r\n        transform-origin: center;\r\n        animation: krcSpin 10s linear infinite;\r\n    }\r\n\r\n    .krc-gear-spin-reverse {\r\n        transform-origin: center;\r\n        animation: krcSpinReverse 15s linear infinite;\r\n    }\r\n\r\n    @keyframes krcSpin { 100% { transform: rotate(360deg); } }\r\n    @keyframes krcSpinReverse { 100% { transform: rotate(-360deg); } }\r\n\r\n    \/* --- TYPOGRAPHY --- *\/\r\n    .krc-badge {\r\n        display: inline-block;\r\n        padding: 8px 16px;\r\n        border-radius: 50px;\r\n        background: rgba(59, 130, 246, 0.1);\r\n        border: 1px solid rgba(59, 130, 246, 0.3);\r\n        color: var(--krc-accent);\r\n        font-size: 13px;\r\n        font-weight: 600;\r\n        text-transform: uppercase;\r\n        letter-spacing: 2px;\r\n        margin-bottom: 20px;\r\n    }\r\n\r\n    .krc-title {\r\n        font-size: 48px;\r\n        font-weight: 800;\r\n        margin: 0 0 15px 0;\r\n        letter-spacing: -1px;\r\n        background: linear-gradient(to right, #fff, #94a3b8);\r\n        -webkit-background-clip: text;\r\n        -webkit-text-fill-color: transparent;\r\n    }\r\n\r\n    .krc-subtitle {\r\n        font-size: 18px;\r\n        color: var(--krc-text-sub);\r\n        max-width: 600px;\r\n        margin: 0 auto 60px auto;\r\n        line-height: 1.6;\r\n    }\r\n\r\n    \/* --- CONTACT GRID --- *\/\r\n    .krc-contact-grid {\r\n        display: grid;\r\n        grid-template-columns: repeat(3, 1fr);\r\n        gap: 25px;\r\n    }\r\n\r\n    .krc-card {\r\n        background: var(--krc-card-bg);\r\n        border: 1px solid var(--krc-card-border);\r\n        border-radius: 16px;\r\n        padding: 35px 25px;\r\n        transition: all 0.3s ease;\r\n        display: flex;\r\n        flex-direction: column;\r\n        align-items: center;\r\n        position: relative;\r\n        overflow: hidden;\r\n    }\r\n\r\n    .krc-card::after {\r\n        content: '';\r\n        position: absolute;\r\n        top: 0; left: 0; right: 0; height: 1px;\r\n        background: linear-gradient(90deg, transparent, rgba(255,255,255,0.1), transparent);\r\n    }\r\n\r\n    .krc-card:hover {\r\n        background: rgba(255, 255, 255, 0.06);\r\n        transform: translateY(-5px);\r\n        border-color: rgba(59, 130, 246, 0.3);\r\n        box-shadow: 0 10px 30px rgba(0,0,0,0.2);\r\n    }\r\n\r\n    .krc-icon-box {\r\n        width: 50px;\r\n        height: 50px;\r\n        border-radius: 12px;\r\n        background: rgba(59, 130, 246, 0.1);\r\n        display: flex;\r\n        align-items: center;\r\n        justify-content: center;\r\n        margin-bottom: 20px;\r\n        color: var(--krc-accent);\r\n        font-size: 20px;\r\n        transition: 0.3s;\r\n    }\r\n\r\n    .krc-card:hover .krc-icon-box {\r\n        background: var(--krc-accent);\r\n        color: white;\r\n        transform: scale(1.1);\r\n    }\r\n\r\n    .krc-label {\r\n        font-size: 14px;\r\n        font-weight: 600;\r\n        text-transform: uppercase;\r\n        letter-spacing: 1px;\r\n        margin-bottom: 12px;\r\n        color: var(--krc-text-sub);\r\n    }\r\n\r\n    .krc-value {\r\n        font-size: 16px;\r\n        font-weight: 500;\r\n        color: var(--krc-text-main);\r\n        line-height: 1.5;\r\n    }\r\n\r\n    .krc-link {\r\n        color: var(--krc-text-main);\r\n        text-decoration: none;\r\n        transition: 0.2s;\r\n        border-bottom: 1px solid transparent;\r\n    }\r\n\r\n    .krc-link:hover {\r\n        color: var(--krc-accent);\r\n        border-color: var(--krc-accent);\r\n    }\r\n\r\n    \/* --- RESPONSIVE --- *\/\r\n    @media (max-width: 992px) {\r\n        .krc-contact-grid {\r\n            grid-template-columns: repeat(2, 1fr);\r\n        }\r\n        .krc-card:last-child {\r\n            grid-column: span 2;\r\n        }\r\n    }\r\n\r\n    @media (max-width: 768px) {\r\n        .krc-title {\r\n            font-size: 36px;\r\n        }\r\n        .krc-contact-grid {\r\n            grid-template-columns: 1fr;\r\n        }\r\n        .krc-card:last-child {\r\n            grid-column: auto;\r\n        }\r\n    }\r\n<\/style>\r\n\r\n<!-- Font Awesome -->\r\n<link rel=\"stylesheet\" href=\"https:\/\/cdnjs.cloudflare.com\/ajax\/libs\/font-awesome\/6.4.0\/css\/all.min.css\">\r\n\r\n<div class=\"krc-maintenance-wrapper\">\r\n    <div class=\"krc-container\">\r\n        \r\n        <!-- Animated Construction Icon -->\r\n        <div class=\"krc-status-icon\">\r\n            <svg class=\"krc-gear-svg\" viewbox=\"0 0 24 24\" fill=\"none\" stroke=\"currentColor\" stroke-width=\"1.5\" stroke-linecap=\"round\" stroke-linejoin=\"round\">\r\n                <g class=\"krc-gear-spin\">\r\n                    <circle cx=\"12\" cy=\"12\" r=\"3\"><\/circle>\r\n                    <path d=\"M19.4 15a1.65 1.65 0 0 0 .33 1.82l.06.06a2 2 0 0 1 0 2.83 2 2 0 0 1-2.83 0l-.06-.06a1.65 1.65 0 0 0-1.82-.33 1.65 1.65 0 0 0-1 1.51V21a2 2 0 0 1-2 2 2 2 0 0 1-2-2v-.09A1.65 1.65 0 0 0 9 19.4a1.65 1.65 0 0 0-1.82.33l-.06.06a2 2 0 0 1-2.83 0 2 2 0 0 1 0-2.83l.06-.06a1.65 1.65 0 0 0 .33-1.82 1.65 1.65 0 0 0-1.51-1H3a2 2 0 0 1-2-2 2 2 0 0 1 2-2h.09A1.65 1.65 0 0 0 4.6 9a1.65 1.65 0 0 0-.33-1.82l-.06-.06a2 2 0 0 1 0-2.83 2 2 0 0 1 2.83 0l.06.06a1.65 1.65 0 0 0 1.82.33H9a1.65 1.65 0 0 0 1-1.51V3a2 2 0 0 1 2-2 2 2 0 0 1 2 2v.09a1.65 1.65 0 0 0 1 1.51 1.65 1.65 0 0 0 1.82-.33l.06-.06a2 2 0 0 1 2.83 0 2 2 0 0 1 0 2.83l-.06.06a1.65 1.65 0 0 0-.33 1.82V9a1.65 1.65 0 0 0 1.51 1H21a2 2 0 0 1 2 2 2 2 0 0 1-2 2h-.09a1.65 1.65 0 0 0-1.51 1z\"><\/path>\r\n                <\/g>\r\n            <\/svg>\r\n        <\/div>\r\n\r\n        <!-- Main Headings -->\r\n        <div class=\"krc-badge\">Yap\u0131m A\u015famas\u0131nda<\/div>\r\n        <h1 class=\"krc-title\">KRC TASARIM<\/h1>\r\n        <p class=\"krc-subtitle\">\r\n            Web sitemiz \u015fu anda yenilenme s\u00fcrecindedir. Daha iyi bir deneyim sunmak i\u00e7in \u00e7al\u0131\u015f\u0131yoruz. \r\n            Bu s\u00fcre\u00e7te bize a\u015fa\u011f\u0131daki ileti\u015fim kanallar\u0131ndan ula\u015fabilirsiniz.\r\n        <\/p>\r\n\r\n        <!-- Contact Cards -->\r\n        <div class=\"krc-contact-grid\">\r\n            \r\n            <!-- Address -->\r\n            <div class=\"krc-card\">\r\n                <div class=\"krc-icon-box\">\r\n                    <i class=\"fas fa-map-marker-alt\"><\/i>\r\n                <\/div>\r\n                <div class=\"krc-label\">Adresimiz<\/div>\r\n                <div class=\"krc-value\">\r\n                    \u0130n\u00f6n\u00fc Mah. 2. \u00c7imen Sk. <br> G\u00fczel Evler No: 21\/A <br> K\u00fc\u00e7\u00fck\u00e7ekmece \/ \u0130stanbul\r\n                <\/div>\r\n            <\/div>\r\n\r\n            <!-- Phone -->\r\n            <div class=\"krc-card\">\r\n                <div class=\"krc-icon-box\">\r\n                    <i class=\"fas fa-phone-alt\"><\/i>\r\n                <\/div>\r\n                <div class=\"krc-label\">Bizi Aray\u0131n<\/div>\r\n                <div class=\"krc-value\">\r\n                    <a href=\"tel:05331702576\" class=\"krc-link\">0 533 170 25 76<\/a>\r\n                <\/div>\r\n            <\/div>\r\n\r\n            <!-- Email -->\r\n            <div class=\"krc-card\">\r\n                <div class=\"krc-icon-box\">\r\n                    <i class=\"fas fa-envelope\"><\/i>\r\n                <\/div>\r\n                <div class=\"krc-label\">E-Posta<\/div>\r\n                <div class=\"krc-value\">\r\n                    <a href=\"mailto:info@krctasarim.com\" class=\"krc-link\">info@krctasarim.com<\/a>\r\n                <\/div>\r\n            <\/div>\r\n\r\n        <\/div>\r\n\r\n    <\/div>\r\n<\/div>\r\n<!-- ELEMENTOR WIDGET END -->\r\n\t\t\t\t<\/div>\n\t\t\t\t<\/div>\n\t\t\t\t<\/div>\n\t\t\t\t<\/div>","protected":false},"excerpt":{"rendered":"<p>Yap\u0131m A\u015famas\u0131nda KRC TASARIM Web sitemiz \u015fu anda yenilenme s\u00fcrecindedir. Daha iyi bir deneyim sunmak i\u00e7in \u00e7al\u0131\u015f\u0131yoruz. Bu s\u00fcre\u00e7te bize<\/p>","protected":false},"author":1,"featured_media":0,"parent":0,"menu_order":0,"comment_status":"closed","ping_status":"closed","template":"maintenance.php","meta":{"footnotes":""},"class_list":["post-16994","page","type-page","status-publish","hentry"],"_links":{"self":[{"href":"https:\/\/krctasarim.com\/en\/wp-json\/wp\/v2\/pages\/16994","targetHints":{"allow":["GET"]}}],"collection":[{"href":"https:\/\/krctasarim.com\/en\/wp-json\/wp\/v2\/pages"}],"about":[{"href":"https:\/\/krctasarim.com\/en\/wp-json\/wp\/v2\/types\/page"}],"author":[{"embeddable":true,"href":"https:\/\/krctasarim.com\/en\/wp-json\/wp\/v2\/users\/1"}],"replies":[{"embeddable":true,"href":"https:\/\/krctasarim.com\/en\/wp-json\/wp\/v2\/comments?post=16994"}],"version-history":[{"count":22,"href":"https:\/\/krctasarim.com\/en\/wp-json\/wp\/v2\/pages\/16994\/revisions"}],"predecessor-version":[{"id":17358,"href":"https:\/\/krctasarim.com\/en\/wp-json\/wp\/v2\/pages\/16994\/revisions\/17358"}],"wp:attachment":[{"href":"https:\/\/krctasarim.com\/en\/wp-json\/wp\/v2\/media?parent=16994"}],"curies":[{"name":"wp","href":"https:\/\/api.w.org\/{rel}","templated":true}]}}